{"id":1168,"date":"2024-03-06T04:06:14","date_gmt":"2024-03-06T04:06:14","guid":{"rendered":"https:\/\/elaccs.nl\/tarife\/"},"modified":"2024-03-28T09:54:15","modified_gmt":"2024-03-28T09:54:15","slug":"tarife","status":"publish","type":"page","link":"https:\/\/technitrace.nl\/de\/tarife\/","title":{"rendered":"TARIFE"},"content":{"rendered":"<style>.elementor-1168 .elementor-element.elementor-element-f42c5fb{--display:flex;--min-height:15px;--padding-top:0px;--padding-bottom:0px;--padding-left:0px;--padding-right:0px;}.elementor-1168 .elementor-element.elementor-element-f42c5fb:not(.elementor-motion-effects-element-type-background), .elementor-1168 .elementor-element.elementor-element-f42c5fb > .elementor-motion-effects-container > .elementor-motion-effects-layer{background-color:var( --e-global-color-6f634f0 );}.elementor-1168 .elementor-element.elementor-element-584842d{--spacer-size:1px;}.elementor-1168 .elementor-element.elementor-element-1b4e8dd{--display:flex;--flex-direction:row;--container-widget-width:initial;--container-widget-height:100%;--container-widget-flex-grow:1;--container-widget-align-self:stretch;--flex-wrap-mobile:wrap;--gap:0px 0px;--row-gap:0px;--column-gap:0px;--margin-top:40px;--margin-bottom:0px;--margin-left:0px;--margin-right:0px;}.elementor-1168 .elementor-element.elementor-element-1fd0f89{--display:flex;--flex-direction:column;--container-widget-width:100%;--container-widget-height:initial;--container-widget-flex-grow:0;--container-widget-align-self:initial;--flex-wrap-mobile:wrap;--padding-top:0px;--padding-bottom:0px;--padding-left:0px;--padding-right:0px;}.elementor-1168 .elementor-element.elementor-element-95dadd2 .elementor-heading-title{font-size:18px;color:#002D62;}.elementor-1168 .elementor-element.elementor-element-95dadd2 > .elementor-widget-container{margin:-15px 0px -15px 0px;}.elementor-1168 .elementor-element.elementor-element-1c2fe12{text-align:center;font-family:\"Proxima Nova\", Sans-serif;font-size:24px;font-weight:600;}.elementor-1168 .elementor-element.elementor-element-1c2fe12 > .elementor-widget-container{margin:0px 0px -15px 0px;}.elementor-1168 .elementor-element.elementor-element-45f3539{text-align:center;font-size:17px;font-weight:500;}.elementor-1168 .elementor-element.elementor-element-45f3539 > .elementor-widget-container{margin:-10px 0px -14px 0px;}.elementor-1168 .elementor-element.elementor-element-40f8cc3{text-align:center;font-family:\"Proxima Nova\", Sans-serif;font-size:24px;font-weight:600;}.elementor-1168 .elementor-element.elementor-element-40f8cc3 > .elementor-widget-container{margin:-15px 0px 0px 0px;}.elementor-1168 .elementor-element.elementor-element-265c324 .elementor-heading-title{font-size:18px;font-weight:600;color:#002D62;}.elementor-1168 .elementor-element.elementor-element-b79abda .elementor-icon-list-items:not(.elementor-inline-items) .elementor-icon-list-item:not(:last-child){padding-block-end:calc(10px\/2);}.elementor-1168 .elementor-element.elementor-element-b79abda .elementor-icon-list-items:not(.elementor-inline-items) .elementor-icon-list-item:not(:first-child){margin-block-start:calc(10px\/2);}.elementor-1168 .elementor-element.elementor-element-b79abda .elementor-icon-list-items.elementor-inline-items .elementor-icon-list-item{margin-inline:calc(10px\/2);}.elementor-1168 .elementor-element.elementor-element-b79abda .elementor-icon-list-items.elementor-inline-items{margin-inline:calc(-10px\/2);}.elementor-1168 .elementor-element.elementor-element-b79abda .elementor-icon-list-items.elementor-inline-items .elementor-icon-list-item:after{inset-inline-end:calc(-10px\/2);}.elementor-1168 .elementor-element.elementor-element-b79abda .elementor-icon-list-icon i{color:var( --e-global-color-6f634f0 );transition:color 0.3s;}.elementor-1168 .elementor-element.elementor-element-b79abda .elementor-icon-list-icon svg{fill:var( --e-global-color-6f634f0 );transition:fill 0.3s;}.elementor-1168 .elementor-element.elementor-element-b79abda{--e-icon-list-icon-size:14px;--icon-vertical-offset:0px;}.elementor-1168 .elementor-element.elementor-element-b79abda .elementor-icon-list-item > .elementor-icon-list-text, .elementor-1168 .elementor-element.elementor-element-b79abda .elementor-icon-list-item > a{font-family:\"Proxima Nova\", Sans-serif;font-size:15px;font-weight:500;}.elementor-1168 .elementor-element.elementor-element-b79abda .elementor-icon-list-text{color:#000000;transition:color 0.3s;}.elementor-1168 .elementor-element.elementor-element-6e2205f{text-align:start;}.elementor-1168 .elementor-element.elementor-element-6e2205f img{width:100%;}.elementor-1168 .elementor-element.elementor-element-ade040e{--display:flex;--flex-direction:column;--container-widget-width:100%;--container-widget-height:initial;--container-widget-flex-grow:0;--container-widget-align-self:initial;--flex-wrap-mobile:wrap;--margin-top:0px;--margin-bottom:0px;--margin-left:0px;--margin-right:10px;--padding-top:0px;--padding-bottom:0px;--padding-left:20px;--padding-right:0px;}.elementor-1168 .elementor-element.elementor-element-ade040e.e-con{--flex-grow:0;--flex-shrink:0;}.elementor-1168 .elementor-element.elementor-element-5226cd2{font-size:33px;font-weight:bold;color:var( --e-global-color-0d606bb );}.elementor-1168 .elementor-element.elementor-element-5226cd2 > .elementor-widget-container{margin:0px 0px -15px 0px;padding:10px 0px 10px 0px;}.elementor-1168 .elementor-element.elementor-element-64aa593{--divider-border-style:dashed;--divider-color:#00000054;--divider-border-width:1px;}.elementor-1168 .elementor-element.elementor-element-64aa593 .elementor-divider-separator{width:100%;margin:0 auto;margin-center:0;}.elementor-1168 .elementor-element.elementor-element-64aa593 .elementor-divider{text-align:center;}.elementor-1168 .elementor-element.elementor-element-352c140{font-size:15px;font-weight:500;color:#4F4F4F;}.elementor-1168 .elementor-element.elementor-element-352c140 > .elementor-widget-container{margin:0px 0px -15px 0px;}.elementor-1168 .elementor-element.elementor-element-318728c .elementor-heading-title{font-size:20px;font-weight:600;color:#002D62;}.elementor-1168 .elementor-element.elementor-element-318728c > .elementor-widget-container{margin:-10px 0px -10px 0px;}.elementor-1168 .elementor-element.elementor-element-293f6a5{font-size:15px;font-weight:500;color:#4F4F4F;}.elementor-1168 .elementor-element.elementor-element-293f6a5 > .elementor-widget-container{margin:0px 0px -15px 0px;}:root{--page-title-display:none;}@media(max-width:1024px){.elementor-1168 .elementor-element.elementor-element-318728c .elementor-heading-title{line-height:1.2em;}}@media(min-width:768px){.elementor-1168 .elementor-element.elementor-element-1b4e8dd{--content-width:960px;}.elementor-1168 .elementor-element.elementor-element-ade040e{--width:72%;}}@media(max-width:767px){.elementor-1168 .elementor-element.elementor-element-1b4e8dd{--flex-direction:column-reverse;--container-widget-width:100%;--container-widget-height:initial;--container-widget-flex-grow:0;--container-widget-align-self:initial;--flex-wrap-mobile:wrap;--margin-top:20px;--margin-bottom:0px;--margin-left:0px;--margin-right:0px;--padding-top:10px;--padding-bottom:10px;--padding-left:10px;--padding-right:10px;}.elementor-1168 .elementor-element.elementor-element-1fd0f89{--margin-top:20px;--margin-bottom:0px;--margin-left:0px;--margin-right:0px;}.elementor-1168 .elementor-element.elementor-element-95dadd2{text-align:center;}.elementor-1168 .elementor-element.elementor-element-265c324{text-align:center;}.elementor-1168 .elementor-element.elementor-element-b79abda > .elementor-widget-container{padding:0px 0px 0px 50px;}.elementor-1168 .elementor-element.elementor-element-6e2205f img{width:100%;max-width:100%;}.elementor-1168 .elementor-element.elementor-element-6e2205f.elementor-element{--align-self:center;}.elementor-1168 .elementor-element.elementor-element-ade040e{--padding-top:0px;--padding-bottom:0px;--padding-left:0px;--padding-right:0px;}.elementor-1168 .elementor-element.elementor-element-318728c .elementor-heading-title{line-height:1.2em;}.elementor-1168 .elementor-element.elementor-element-318728c > .elementor-widget-container{margin:10px 0px 0px 0px;}}\/* Start Custom Fonts CSS *\/@font-face {\n\tfont-family: 'Proxima Nova';\n\tfont-style: normal;\n\tfont-weight: normal;\n\tfont-display: auto;\n\tsrc: url('https:\/\/technitrace.nl\/wp-content\/uploads\/2024\/03\/ProximaNova-Regular.ttf') format('truetype');\n}\n\/* End Custom Fonts CSS *\/<\/style>\t\t<div data-elementor-type=\"wp-page\" data-elementor-id=\"1168\" class=\"elementor elementor-1168 elementor-22\" data-elementor-post-type=\"page\">\n\t\t\t\t<div class=\"elementor-element elementor-element-f42c5fb e-flex e-con-boxed e-con e-parent\" data-id=\"f42c5fb\" data-element_type=\"container\" data-e-type=\"container\" data-settings=\"{&quot;background_background&quot;:&quot;classic&quot;}\">\n\t\t\t\t\t<div class=\"e-con-inner\">\n\t\t\t\t<div class=\"elementor-element elementor-element-584842d elementor-widget elementor-widget-spacer\" data-id=\"584842d\" data-element_type=\"widget\" data-e-type=\"widget\" data-widget_type=\"spacer.default\">\n\t\t\t\t<div class=\"elementor-widget-container\">\n\t\t\t\t\t\t\t<div class=\"elementor-spacer\">\n\t\t\t<div class=\"elementor-spacer-inner\"><\/div>\n\t\t<\/div>\n\t\t\t\t\t\t<\/div>\n\t\t\t\t<\/div>\n\t\t\t\t\t<\/div>\n\t\t\t\t<\/div>\n\t\t<div class=\"elementor-element elementor-element-1b4e8dd e-flex e-con-boxed e-con e-parent\" data-id=\"1b4e8dd\" data-element_type=\"container\" data-e-type=\"container\">\n\t\t\t\t\t<div class=\"e-con-inner\">\n\t\t<div class=\"elementor-element elementor-element-1fd0f89 e-con-full e-flex e-con e-child\" data-id=\"1fd0f89\" data-element_type=\"container\" data-e-type=\"container\">\n\t\t\t\t<div class=\"elementor-element elementor-element-95dadd2 elementor-widget elementor-widget-heading\" data-id=\"95dadd2\" data-element_type=\"widget\" data-e-type=\"widget\" data-widget_type=\"heading.default\">\n\t\t\t\t<div class=\"elementor-widget-container\">\n\t\t\t\t\t<h2 class=\"elementor-heading-title elementor-size-default\">Rufen Sie an<\/h2>\t\t\t\t<\/div>\n\t\t\t\t<\/div>\n\t\t\t\t<div class=\"elementor-element elementor-element-1c2fe12 elementor-widget elementor-widget-text-editor\" data-id=\"1c2fe12\" data-element_type=\"widget\" data-e-type=\"widget\" data-widget_type=\"text-editor.default\">\n\t\t\t\t<div class=\"elementor-widget-container\">\n\t\t\t\t\t\t\t\t\t<p><a href=\"tel:0880-513223\"><span style=\"color: #00aeef;\">0880-513223<\/span><\/a><\/p>\n\t\t\t\t\t\t\t\t<\/div>\n\t\t\t\t<\/div>\n\t\t\t\t<div class=\"elementor-element elementor-element-45f3539 elementor-widget elementor-widget-text-editor\" data-id=\"45f3539\" data-element_type=\"widget\" data-e-type=\"widget\" data-widget_type=\"text-editor.default\">\n\t\t\t\t<div class=\"elementor-widget-container\">\n\t\t\t\t\t\t\t\t\t<p><span style=\"color: #647992;\">oder mailen Sie uns<\/span><\/p>\n\t\t\t\t\t\t\t\t<\/div>\n\t\t\t\t<\/div>\n\t\t\t\t<div class=\"elementor-element elementor-element-40f8cc3 elementor-widget elementor-widget-text-editor\" data-id=\"40f8cc3\" data-element_type=\"widget\" data-e-type=\"widget\" data-widget_type=\"text-editor.default\">\n\t\t\t\t<div class=\"elementor-widget-container\">\n\t\t\t\t\t\t\t\t\t<p><span class=\"email\" style=\"color: #00aeef;\"><a style=\"color: #00aeef;\" href=\"mailto:info@technitrace.nl\">info@technitrace.nl<\/a><\/span><\/p>\n\t\t\t\t\t\t\t\t<\/div>\n\t\t\t\t<\/div>\n\t\t\t\t<div class=\"elementor-element elementor-element-265c324 elementor-widget elementor-widget-heading\" data-id=\"265c324\" data-element_type=\"widget\" data-e-type=\"widget\" data-widget_type=\"heading.default\">\n\t\t\t\t<div class=\"elementor-widget-container\">\n\t\t\t\t\t<h2 class=\"elementor-heading-title elementor-size-default\">Warum TechniTrace?<\/h2>\t\t\t\t<\/div>\n\t\t\t\t<\/div>\n\t\t\t\t<div class=\"elementor-element elementor-element-b79abda elementor-icon-list--layout-traditional elementor-list-item-link-full_width elementor-widget elementor-widget-icon-list\" data-id=\"b79abda\" data-element_type=\"widget\" data-e-type=\"widget\" data-widget_type=\"icon-list.default\">\n\t\t\t\t<div class=\"elementor-widget-container\">\n\t\t\t\t\t\t\t<ul class=\"elementor-icon-list-items\">\n\t\t\t\t\t\t\t<li class=\"elementor-icon-list-item\">\n\t\t\t\t\t\t\t\t\t\t\t<span class=\"elementor-icon-list-icon\">\n\t\t\t\t\t\t\t<svg aria-hidden=\"true\" class=\"e-font-icon-svg e-fas-check\" viewBox=\"0 0 512 512\" xmlns=\"http:\/\/www.w3.org\/2000\/svg\"><path d=\"M173.898 439.404l-166.4-166.4c-9.997-9.997-9.997-26.206 0-36.204l36.203-36.204c9.997-9.998 26.207-9.998 36.204 0L192 312.69 432.095 72.596c9.997-9.997 26.207-9.997 36.204 0l36.203 36.204c9.997 9.997 9.997 26.206 0 36.204l-294.4 294.401c-9.998 9.997-26.207 9.997-36.204-.001z\"><\/path><\/svg>\t\t\t\t\t\t<\/span>\n\t\t\t\t\t\t\t\t\t\t<span class=\"elementor-icon-list-text\">Niederl\u00e4ndisches Produkt<\/span>\n\t\t\t\t\t\t\t\t\t<\/li>\n\t\t\t\t\t\t\t\t<li class=\"elementor-icon-list-item\">\n\t\t\t\t\t\t\t\t\t\t\t<span class=\"elementor-icon-list-icon\">\n\t\t\t\t\t\t\t<svg aria-hidden=\"true\" class=\"e-font-icon-svg e-fas-check\" viewBox=\"0 0 512 512\" xmlns=\"http:\/\/www.w3.org\/2000\/svg\"><path d=\"M173.898 439.404l-166.4-166.4c-9.997-9.997-9.997-26.206 0-36.204l36.203-36.204c9.997-9.998 26.207-9.998 36.204 0L192 312.69 432.095 72.596c9.997-9.997 26.207-9.997 36.204 0l36.203 36.204c9.997 9.997 9.997 26.206 0 36.204l-294.4 294.401c-9.998 9.997-26.207 9.997-36.204-.001z\"><\/path><\/svg>\t\t\t\t\t\t<\/span>\n\t\t\t\t\t\t\t\t\t\t<span class=\"elementor-icon-list-text\">Niedrige Hypotheken<\/span>\n\t\t\t\t\t\t\t\t\t<\/li>\n\t\t\t\t\t\t\t\t<li class=\"elementor-icon-list-item\">\n\t\t\t\t\t\t\t\t\t\t\t<span class=\"elementor-icon-list-icon\">\n\t\t\t\t\t\t\t<svg aria-hidden=\"true\" class=\"e-font-icon-svg e-fas-check\" viewBox=\"0 0 512 512\" xmlns=\"http:\/\/www.w3.org\/2000\/svg\"><path d=\"M173.898 439.404l-166.4-166.4c-9.997-9.997-9.997-26.206 0-36.204l36.203-36.204c9.997-9.998 26.207-9.998 36.204 0L192 312.69 432.095 72.596c9.997-9.997 26.207-9.997 36.204 0l36.203 36.204c9.997 9.997 9.997 26.206 0 36.204l-294.4 294.401c-9.998 9.997-26.207 9.997-36.204-.001z\"><\/path><\/svg>\t\t\t\t\t\t<\/span>\n\t\t\t\t\t\t\t\t\t\t<span class=\"elementor-icon-list-text\">Smart-Berichte<\/span>\n\t\t\t\t\t\t\t\t\t<\/li>\n\t\t\t\t\t\t\t\t<li class=\"elementor-icon-list-item\">\n\t\t\t\t\t\t\t\t\t\t\t<span class=\"elementor-icon-list-icon\">\n\t\t\t\t\t\t\t<svg aria-hidden=\"true\" class=\"e-font-icon-svg e-fas-check\" viewBox=\"0 0 512 512\" xmlns=\"http:\/\/www.w3.org\/2000\/svg\"><path d=\"M173.898 439.404l-166.4-166.4c-9.997-9.997-9.997-26.206 0-36.204l36.203-36.204c9.997-9.998 26.207-9.998 36.204 0L192 312.69 432.095 72.596c9.997-9.997 26.207-9.997 36.204 0l36.203 36.204c9.997 9.997 9.997 26.206 0 36.204l-294.4 294.401c-9.998 9.997-26.207 9.997-36.204-.001z\"><\/path><\/svg>\t\t\t\t\t\t<\/span>\n\t\t\t\t\t\t\t\t\t\t<span class=\"elementor-icon-list-text\">Einfache Bedienung<\/span>\n\t\t\t\t\t\t\t\t\t<\/li>\n\t\t\t\t\t\t\t\t<li class=\"elementor-icon-list-item\">\n\t\t\t\t\t\t\t\t\t\t\t<span class=\"elementor-icon-list-icon\">\n\t\t\t\t\t\t\t<svg aria-hidden=\"true\" class=\"e-font-icon-svg e-fas-check\" viewBox=\"0 0 512 512\" xmlns=\"http:\/\/www.w3.org\/2000\/svg\"><path d=\"M173.898 439.404l-166.4-166.4c-9.997-9.997-9.997-26.206 0-36.204l36.203-36.204c9.997-9.998 26.207-9.998 36.204 0L192 312.69 432.095 72.596c9.997-9.997 26.207-9.997 36.204 0l36.203 36.204c9.997 9.997 9.997 26.206 0 36.204l-294.4 294.401c-9.998 9.997-26.207 9.997-36.204-.001z\"><\/path><\/svg>\t\t\t\t\t\t<\/span>\n\t\t\t\t\t\t\t\t\t\t<span class=\"elementor-icon-list-text\">Passt sich an Ihr Unternehmen<\/span>\n\t\t\t\t\t\t\t\t\t<\/li>\n\t\t\t\t\t\t\t\t<li class=\"elementor-icon-list-item\">\n\t\t\t\t\t\t\t\t\t\t\t<span class=\"elementor-icon-list-icon\">\n\t\t\t\t\t\t\t<svg aria-hidden=\"true\" class=\"e-font-icon-svg e-fas-check\" viewBox=\"0 0 512 512\" xmlns=\"http:\/\/www.w3.org\/2000\/svg\"><path d=\"M173.898 439.404l-166.4-166.4c-9.997-9.997-9.997-26.206 0-36.204l36.203-36.204c9.997-9.998 26.207-9.998 36.204 0L192 312.69 432.095 72.596c9.997-9.997 26.207-9.997 36.204 0l36.203 36.204c9.997 9.997 9.997 26.206 0 36.204l-294.4 294.401c-9.998 9.997-26.207 9.997-36.204-.001z\"><\/path><\/svg>\t\t\t\t\t\t<\/span>\n\t\t\t\t\t\t\t\t\t\t<span class=\"elementor-icon-list-text\">Kundenspezifische und Standard<\/span>\n\t\t\t\t\t\t\t\t\t<\/li>\n\t\t\t\t\t\t<\/ul>\n\t\t\t\t\t\t<\/div>\n\t\t\t\t<\/div>\n\t\t\t\t<div class=\"elementor-element elementor-element-6e2205f elementor-widget elementor-widget-image\" data-id=\"6e2205f\" data-element_type=\"widget\" data-e-type=\"widget\" data-widget_type=\"image.default\">\n\t\t\t\t<div class=\"elementor-widget-container\">\n\t\t\t\t\t\t\t\t\t\t\t\t\t\t\t\t<a href=\"https:\/\/technitrace.nl\/webapplicatie\/\">\n\t\t\t\t\t\t\t<img fetchpriority=\"high\" decoding=\"async\" width=\"239\" height=\"288\" src=\"https:\/\/technitrace.nl\/wp-content\/uploads\/2024\/03\/banner-smartphone-nl.png\" class=\"attachment-large size-large wp-image-959\" alt=\"\" \/>\t\t\t\t\t\t\t\t<\/a>\n\t\t\t\t\t\t\t\t\t\t\t\t\t\t\t<\/div>\n\t\t\t\t<\/div>\n\t\t\t\t<\/div>\n\t\t<div class=\"elementor-element elementor-element-ade040e e-con-full e-flex e-con e-child\" data-id=\"ade040e\" data-element_type=\"container\" data-e-type=\"container\">\n\t\t\t\t<div class=\"elementor-element elementor-element-5226cd2 elementor-widget elementor-widget-text-editor\" data-id=\"5226cd2\" data-element_type=\"widget\" data-e-type=\"widget\" data-widget_type=\"text-editor.default\">\n\t\t\t\t<div class=\"elementor-widget-container\">\n\t\t\t\t\t\t\t\t\t<p>TARIFE<\/p>\n\t\t\t\t\t\t\t\t<\/div>\n\t\t\t\t<\/div>\n\t\t\t\t<div class=\"elementor-element elementor-element-64aa593 elementor-widget-divider--view-line elementor-widget elementor-widget-divider\" data-id=\"64aa593\" data-element_type=\"widget\" data-e-type=\"widget\" data-widget_type=\"divider.default\">\n\t\t\t\t<div class=\"elementor-widget-container\">\n\t\t\t\t\t\t\t<div class=\"elementor-divider\">\n\t\t\t<span class=\"elementor-divider-separator\">\n\t\t\t\t\t\t<\/span>\n\t\t<\/div>\n\t\t\t\t\t\t<\/div>\n\t\t\t\t<\/div>\n\t\t\t\t<div class=\"elementor-element elementor-element-352c140 elementor-widget elementor-widget-text-editor\" data-id=\"352c140\" data-element_type=\"widget\" data-e-type=\"widget\" data-widget_type=\"text-editor.default\">\n\t\t\t\t<div class=\"elementor-widget-container\">\n\t\t\t\t\t\t\t\t\t<p>Techni Trace arbeitet mit festen Preisen. F\u00fcr ein Ortungsger\u00e4t bezahlen Sie einen scharf kalkulierten monatlichen Tarif. Hierf\u00fcr bekommen Sie ein Abonnement f\u00fcr 2 MB, eine ausreichende Kapazit\u00e4t zur Fahrten\u00fcberwachung. Innerhalb des Monatsbeitrags k\u00f6nnen Sie unbegrenzt Ihre Fahrzeuge verfolgen, Grafiken und \u00dcbersichtsberichte erstellen. Die monatliche Investition bezahlt sich in k\u00fcrzester Zeit zur\u00fcck.<\/p>\n\t\t\t\t\t\t\t\t<\/div>\n\t\t\t\t<\/div>\n\t\t\t\t<div class=\"elementor-element elementor-element-318728c elementor-widget elementor-widget-heading\" data-id=\"318728c\" data-element_type=\"widget\" data-e-type=\"widget\" data-widget_type=\"heading.default\">\n\t\t\t\t<div class=\"elementor-widget-container\">\n\t\t\t\t\t<h2 class=\"elementor-heading-title elementor-size-default\">UNVERBINDLICHE BERATUNG<\/h2>\t\t\t\t<\/div>\n\t\t\t\t<\/div>\n\t\t\t\t<div class=\"elementor-element elementor-element-293f6a5 elementor-widget elementor-widget-text-editor\" data-id=\"293f6a5\" data-element_type=\"widget\" data-e-type=\"widget\" data-widget_type=\"text-editor.default\">\n\t\t\t\t<div class=\"elementor-widget-container\">\n\t\t\t\t\t\t\t\t\t<p>Ihre Fragen inspirieren uns in unserer Weiterentwicklung. Sie bringen uns auf neue Ideen und verbessern st\u00e4ndig unsere Dienstleistung. Die Suche nach einer passenden L\u00f6sung f\u00fcr Sie ist darum v\u00f6llig unverbindlich. Wir sehen sie als eine Investition in unsere eigene Organisation.<\/p>\n\t\t\t\t\t\t\t\t<\/div>\n\t\t\t\t<\/div>\n\t\t\t\t<\/div>\n\t\t\t\t\t<\/div>\n\t\t\t\t<\/div>\n\t\t\t\t<\/div>\n\t\t","protected":false},"excerpt":{"rendered":"<p>Rufen Sie an 0880-513223 oder mailen Sie uns info@technitrace.nl Warum TechniTrace? Niederl\u00e4ndisches Produkt Niedrige Hypotheken Smart-Berichte Einfache Bedienung Passt sich an Ihr Unternehmen Kundenspezifische und Standard TARIFE Techni Trace arbeitet mit festen Preisen. F\u00fcr ein Ortungsger\u00e4t bezahlen Sie einen scharf kalkulierten monatlichen Tarif. Hierf\u00fcr bekommen Sie ein Abonnement f\u00fcr 2 MB, eine ausreichende Kapazit\u00e4t zur [&hellip;]<\/p>\n","protected":false},"author":1,"featured_media":0,"parent":0,"menu_order":0,"comment_status":"closed","ping_status":"closed","template":"elementor_header_footer","meta":{"footnotes":""},"class_list":["post-1168","page","type-page","status-publish","hentry"],"_links":{"self":[{"href":"https:\/\/technitrace.nl\/de\/wp-json\/wp\/v2\/pages\/1168","targetHints":{"allow":["GET"]}}],"collection":[{"href":"https:\/\/technitrace.nl\/de\/wp-json\/wp\/v2\/pages"}],"about":[{"href":"https:\/\/technitrace.nl\/de\/wp-json\/wp\/v2\/types\/page"}],"author":[{"embeddable":true,"href":"https:\/\/technitrace.nl\/de\/wp-json\/wp\/v2\/users\/1"}],"replies":[{"embeddable":true,"href":"https:\/\/technitrace.nl\/de\/wp-json\/wp\/v2\/comments?post=1168"}],"version-history":[{"count":3,"href":"https:\/\/technitrace.nl\/de\/wp-json\/wp\/v2\/pages\/1168\/revisions"}],"predecessor-version":[{"id":1171,"href":"https:\/\/technitrace.nl\/de\/wp-json\/wp\/v2\/pages\/1168\/revisions\/1171"}],"wp:attachment":[{"href":"https:\/\/technitrace.nl\/de\/wp-json\/wp\/v2\/media?parent=1168"}],"curies":[{"name":"wp","href":"https:\/\/api.w.org\/{rel}","templated":true}]}}