{"id":1164,"date":"2024-03-07T06:58:17","date_gmt":"2024-03-07T06:58:17","guid":{"rendered":"https:\/\/elaccs.nl\/fahrtenueberwachung-als-beweismaterial\/"},"modified":"2024-03-28T09:52:19","modified_gmt":"2024-03-28T09:52:19","slug":"fahrtenueberwachung-als-beweismaterial","status":"publish","type":"page","link":"https:\/\/technitrace.nl\/de\/fahrtenueberwachung-als-beweismaterial\/","title":{"rendered":"FAHRTEN\u00dcBERWACHUNG ALS BEWEISMATERIAL"},"content":{"rendered":"<style>.elementor-1164 .elementor-element.elementor-element-6d76d51{--display:flex;--min-height:15px;--padding-top:0px;--padding-bottom:0px;--padding-left:0px;--padding-right:0px;}.elementor-1164 .elementor-element.elementor-element-6d76d51:not(.elementor-motion-effects-element-type-background), .elementor-1164 .elementor-element.elementor-element-6d76d51 > .elementor-motion-effects-container > .elementor-motion-effects-layer{background-color:#FFFFFF;}.elementor-1164 .elementor-element.elementor-element-c5ad3fd{--spacer-size:1px;}.elementor-1164 .elementor-element.elementor-element-9be6828{--display:flex;--flex-direction:row;--container-widget-width:initial;--container-widget-height:100%;--container-widget-flex-grow:1;--container-widget-align-self:stretch;--flex-wrap-mobile:wrap;--gap:0px 0px;--row-gap:0px;--column-gap:0px;--margin-top:40px;--margin-bottom:0px;--margin-left:0px;--margin-right:0px;}.elementor-1164 .elementor-element.elementor-element-1cbd504{--display:flex;--flex-direction:column;--container-widget-width:100%;--container-widget-height:initial;--container-widget-flex-grow:0;--container-widget-align-self:initial;--flex-wrap-mobile:wrap;--padding-top:0px;--padding-bottom:0px;--padding-left:0px;--padding-right:0px;}.elementor-1164 .elementor-element.elementor-element-a838e45 .elementor-heading-title{font-size:18px;color:#002D62;}.elementor-1164 .elementor-element.elementor-element-a838e45 > .elementor-widget-container{margin:-15px 0px -15px 0px;}.elementor-1164 .elementor-element.elementor-element-1ea6875{text-align:center;font-family:\"Proxima Nova\", Sans-serif;font-size:24px;font-weight:600;}.elementor-1164 .elementor-element.elementor-element-1ea6875 > .elementor-widget-container{margin:0px 0px -15px 0px;}.elementor-1164 .elementor-element.elementor-element-a881243{text-align:center;font-size:17px;font-weight:500;}.elementor-1164 .elementor-element.elementor-element-a881243 > .elementor-widget-container{margin:-10px 0px -14px 0px;}.elementor-1164 .elementor-element.elementor-element-44407de{text-align:center;font-family:\"Proxima Nova\", Sans-serif;font-size:24px;font-weight:600;}.elementor-1164 .elementor-element.elementor-element-44407de > .elementor-widget-container{margin:-15px 0px 0px 0px;}.elementor-1164 .elementor-element.elementor-element-2d59938 .elementor-heading-title{font-size:18px;font-weight:600;color:#002D62;}.elementor-1164 .elementor-element.elementor-element-e632a91 .elementor-icon-list-items:not(.elementor-inline-items) .elementor-icon-list-item:not(:last-child){padding-block-end:calc(10px\/2);}.elementor-1164 .elementor-element.elementor-element-e632a91 .elementor-icon-list-items:not(.elementor-inline-items) .elementor-icon-list-item:not(:first-child){margin-block-start:calc(10px\/2);}.elementor-1164 .elementor-element.elementor-element-e632a91 .elementor-icon-list-items.elementor-inline-items .elementor-icon-list-item{margin-inline:calc(10px\/2);}.elementor-1164 .elementor-element.elementor-element-e632a91 .elementor-icon-list-items.elementor-inline-items{margin-inline:calc(-10px\/2);}.elementor-1164 .elementor-element.elementor-element-e632a91 .elementor-icon-list-items.elementor-inline-items .elementor-icon-list-item:after{inset-inline-end:calc(-10px\/2);}.elementor-1164 .elementor-element.elementor-element-e632a91 .elementor-icon-list-icon i{color:var( --e-global-color-6f634f0 );transition:color 0.3s;}.elementor-1164 .elementor-element.elementor-element-e632a91 .elementor-icon-list-icon svg{fill:var( --e-global-color-6f634f0 );transition:fill 0.3s;}.elementor-1164 .elementor-element.elementor-element-e632a91{--e-icon-list-icon-size:14px;--icon-vertical-offset:0px;}.elementor-1164 .elementor-element.elementor-element-e632a91 .elementor-icon-list-item > .elementor-icon-list-text, .elementor-1164 .elementor-element.elementor-element-e632a91 .elementor-icon-list-item > a{font-family:\"Proxima Nova\", Sans-serif;font-size:15px;font-weight:500;}.elementor-1164 .elementor-element.elementor-element-e632a91 .elementor-icon-list-text{color:#000000;transition:color 0.3s;}.elementor-1164 .elementor-element.elementor-element-1091c1b{text-align:start;}.elementor-1164 .elementor-element.elementor-element-1091c1b img{width:100%;}.elementor-1164 .elementor-element.elementor-element-3e40f99{--display:flex;--flex-direction:column;--container-widget-width:100%;--container-widget-height:initial;--container-widget-flex-grow:0;--container-widget-align-self:initial;--flex-wrap-mobile:wrap;--margin-top:0px;--margin-bottom:0px;--margin-left:0px;--margin-right:10px;--padding-top:0px;--padding-bottom:0px;--padding-left:20px;--padding-right:0px;}.elementor-1164 .elementor-element.elementor-element-3e40f99.e-con{--flex-grow:0;--flex-shrink:0;}.elementor-1164 .elementor-element.elementor-element-544514f{font-size:33px;font-weight:bold;color:var( --e-global-color-0d606bb );}.elementor-1164 .elementor-element.elementor-element-544514f > .elementor-widget-container{margin:0px 0px -15px 0px;padding:10px 0px 10px 0px;}.elementor-1164 .elementor-element.elementor-element-926fb7f{--divider-border-style:dashed;--divider-color:#00000054;--divider-border-width:1px;}.elementor-1164 .elementor-element.elementor-element-926fb7f .elementor-divider-separator{width:100%;margin:0 auto;margin-center:0;}.elementor-1164 .elementor-element.elementor-element-926fb7f .elementor-divider{text-align:center;}.elementor-1164 .elementor-element.elementor-element-38226ff{font-size:15px;font-weight:500;color:#4F4F4F;}.elementor-1164 .elementor-element.elementor-element-38226ff > .elementor-widget-container{margin:0px 0px -5px 0px;}.elementor-1164 .elementor-element.elementor-element-6310499 .elementor-heading-title{font-size:20px;font-weight:600;color:#002D62;}.elementor-1164 .elementor-element.elementor-element-6310499 > .elementor-widget-container{margin:-10px 0px -10px 0px;}.elementor-1164 .elementor-element.elementor-element-6799527{font-size:15px;font-weight:500;color:#4F4F4F;}.elementor-1164 .elementor-element.elementor-element-6799527 > .elementor-widget-container{margin:0px 0px -15px 0px;}.elementor-1164 .elementor-element.elementor-element-b8efc37 .elementor-heading-title{font-size:20px;font-weight:600;color:#002D62;}.elementor-1164 .elementor-element.elementor-element-b8efc37 > .elementor-widget-container{margin:-10px 0px -10px 0px;}.elementor-1164 .elementor-element.elementor-element-9559a09{font-size:15px;font-weight:500;color:#4F4F4F;}.elementor-1164 .elementor-element.elementor-element-9559a09 > .elementor-widget-container{margin:0px 0px -15px 0px;}.elementor-1164 .elementor-element.elementor-element-9514c17{--display:flex;--flex-direction:row;--container-widget-width:initial;--container-widget-height:100%;--container-widget-flex-grow:1;--container-widget-align-self:stretch;--flex-wrap-mobile:wrap;--justify-content:flex-start;}.elementor-1164 .elementor-element.elementor-element-9514c17:not(.elementor-motion-effects-element-type-background), .elementor-1164 .elementor-element.elementor-element-9514c17 > .elementor-motion-effects-container > .elementor-motion-effects-layer{background-color:#F7F7F7;background-image:url(\"https:\/\/technitrace.nl\/wp-content\/uploads\/2024\/03\/btn-test-overlay.png\");background-position:center center;background-repeat:no-repeat;background-size:cover;}.elementor-1164 .elementor-element.elementor-element-08712a1{text-align:start;font-size:15px;font-weight:500;color:#002D62;}.elementor-1164 .elementor-element.elementor-element-08712a1 > .elementor-widget-container{margin:0px 0px -15px 0px;}.elementor-1164 .elementor-element.elementor-element-08712a1.elementor-element{--align-self:flex-start;--order:-99999 \/* order start hack *\/;}@media(max-width:1024px){.elementor-1164 .elementor-element.elementor-element-6310499 .elementor-heading-title{line-height:1.2em;}.elementor-1164 .elementor-element.elementor-element-b8efc37 .elementor-heading-title{line-height:1.2em;}}@media(min-width:768px){.elementor-1164 .elementor-element.elementor-element-9be6828{--content-width:960px;}.elementor-1164 .elementor-element.elementor-element-3e40f99{--width:72%;}}@media(max-width:767px){.elementor-1164 .elementor-element.elementor-element-9be6828{--flex-direction:column-reverse;--container-widget-width:100%;--container-widget-height:initial;--container-widget-flex-grow:0;--container-widget-align-self:initial;--flex-wrap-mobile:wrap;--margin-top:20px;--margin-bottom:0px;--margin-left:0px;--margin-right:0px;--padding-top:10px;--padding-bottom:10px;--padding-left:10px;--padding-right:10px;}.elementor-1164 .elementor-element.elementor-element-1cbd504{--margin-top:20px;--margin-bottom:0px;--margin-left:0px;--margin-right:0px;}.elementor-1164 .elementor-element.elementor-element-a838e45{text-align:center;}.elementor-1164 .elementor-element.elementor-element-2d59938{text-align:center;}.elementor-1164 .elementor-element.elementor-element-e632a91 > .elementor-widget-container{padding:0px 0px 0px 50px;}.elementor-1164 .elementor-element.elementor-element-1091c1b img{width:100%;max-width:100%;}.elementor-1164 .elementor-element.elementor-element-1091c1b.elementor-element{--align-self:center;}.elementor-1164 .elementor-element.elementor-element-3e40f99{--padding-top:0px;--padding-bottom:0px;--padding-left:0px;--padding-right:0px;}.elementor-1164 .elementor-element.elementor-element-544514f{line-height:1em;}.elementor-1164 .elementor-element.elementor-element-6310499 .elementor-heading-title{line-height:1.2em;}.elementor-1164 .elementor-element.elementor-element-6310499 > .elementor-widget-container{margin:10px 0px 0px 0px;}.elementor-1164 .elementor-element.elementor-element-b8efc37 .elementor-heading-title{line-height:1.2em;}.elementor-1164 .elementor-element.elementor-element-b8efc37 > .elementor-widget-container{margin:10px 0px 0px 0px;}.elementor-1164 .elementor-element.elementor-element-08712a1{text-align:center;}}\/* Start Custom Fonts CSS *\/@font-face {\n\tfont-family: 'Proxima Nova';\n\tfont-style: normal;\n\tfont-weight: normal;\n\tfont-display: auto;\n\tsrc: url('https:\/\/technitrace.nl\/wp-content\/uploads\/2024\/03\/ProximaNova-Regular.ttf') format('truetype');\n}\n\/* End Custom Fonts CSS *\/<\/style>\t\t<div data-elementor-type=\"wp-page\" data-elementor-id=\"1164\" class=\"elementor elementor-1164 elementor-713\" data-elementor-post-type=\"page\">\n\t\t\t\t<div class=\"elementor-element elementor-element-6d76d51 e-flex e-con-boxed e-con e-parent\" data-id=\"6d76d51\" data-element_type=\"container\" data-e-type=\"container\" data-settings=\"{&quot;background_background&quot;:&quot;classic&quot;}\">\n\t\t\t\t\t<div class=\"e-con-inner\">\n\t\t\t\t<div class=\"elementor-element elementor-element-c5ad3fd elementor-widget elementor-widget-spacer\" data-id=\"c5ad3fd\" data-element_type=\"widget\" data-e-type=\"widget\" data-widget_type=\"spacer.default\">\n\t\t\t\t<div class=\"elementor-widget-container\">\n\t\t\t\t\t\t\t<div class=\"elementor-spacer\">\n\t\t\t<div class=\"elementor-spacer-inner\"><\/div>\n\t\t<\/div>\n\t\t\t\t\t\t<\/div>\n\t\t\t\t<\/div>\n\t\t\t\t\t<\/div>\n\t\t\t\t<\/div>\n\t\t<div class=\"elementor-element elementor-element-9be6828 e-flex e-con-boxed e-con e-parent\" data-id=\"9be6828\" data-element_type=\"container\" data-e-type=\"container\">\n\t\t\t\t\t<div class=\"e-con-inner\">\n\t\t<div class=\"elementor-element elementor-element-1cbd504 e-con-full e-flex e-con e-child\" data-id=\"1cbd504\" data-element_type=\"container\" data-e-type=\"container\">\n\t\t\t\t<div class=\"elementor-element elementor-element-a838e45 elementor-widget elementor-widget-heading\" data-id=\"a838e45\" data-element_type=\"widget\" data-e-type=\"widget\" data-widget_type=\"heading.default\">\n\t\t\t\t<div class=\"elementor-widget-container\">\n\t\t\t\t\t<h2 class=\"elementor-heading-title elementor-size-default\">Rufen Sie an<\/h2>\t\t\t\t<\/div>\n\t\t\t\t<\/div>\n\t\t\t\t<div class=\"elementor-element elementor-element-1ea6875 elementor-widget elementor-widget-text-editor\" data-id=\"1ea6875\" data-element_type=\"widget\" data-e-type=\"widget\" data-widget_type=\"text-editor.default\">\n\t\t\t\t<div class=\"elementor-widget-container\">\n\t\t\t\t\t\t\t\t\t<p><a href=\"tel:0880-513223\"><span style=\"color: #00aeef;\">0880-513223<\/span><\/a><\/p>\n\t\t\t\t\t\t\t\t<\/div>\n\t\t\t\t<\/div>\n\t\t\t\t<div class=\"elementor-element elementor-element-a881243 elementor-widget elementor-widget-text-editor\" data-id=\"a881243\" data-element_type=\"widget\" data-e-type=\"widget\" data-widget_type=\"text-editor.default\">\n\t\t\t\t<div class=\"elementor-widget-container\">\n\t\t\t\t\t\t\t\t\t<p><span style=\"color: #647992;\">oder mailen Sie uns<\/span><\/p>\n\t\t\t\t\t\t\t\t<\/div>\n\t\t\t\t<\/div>\n\t\t\t\t<div class=\"elementor-element elementor-element-44407de elementor-widget elementor-widget-text-editor\" data-id=\"44407de\" data-element_type=\"widget\" data-e-type=\"widget\" data-widget_type=\"text-editor.default\">\n\t\t\t\t<div class=\"elementor-widget-container\">\n\t\t\t\t\t\t\t\t\t<p><span class=\"email\" style=\"color: #00aeef;\"><a style=\"color: #00aeef;\" href=\"mailto:info@technitrace.nl\">info@technitrace.nl<\/a><\/span><\/p>\n\t\t\t\t\t\t\t\t<\/div>\n\t\t\t\t<\/div>\n\t\t\t\t<div class=\"elementor-element elementor-element-2d59938 elementor-widget elementor-widget-heading\" data-id=\"2d59938\" data-element_type=\"widget\" data-e-type=\"widget\" data-widget_type=\"heading.default\">\n\t\t\t\t<div class=\"elementor-widget-container\">\n\t\t\t\t\t<h2 class=\"elementor-heading-title elementor-size-default\">Warum TechniTrace?<\/h2>\t\t\t\t<\/div>\n\t\t\t\t<\/div>\n\t\t\t\t<div class=\"elementor-element elementor-element-e632a91 elementor-icon-list--layout-traditional elementor-list-item-link-full_width elementor-widget elementor-widget-icon-list\" data-id=\"e632a91\" data-element_type=\"widget\" data-e-type=\"widget\" data-widget_type=\"icon-list.default\">\n\t\t\t\t<div class=\"elementor-widget-container\">\n\t\t\t\t\t\t\t<ul class=\"elementor-icon-list-items\">\n\t\t\t\t\t\t\t<li class=\"elementor-icon-list-item\">\n\t\t\t\t\t\t\t\t\t\t\t<span class=\"elementor-icon-list-icon\">\n\t\t\t\t\t\t\t<svg aria-hidden=\"true\" class=\"e-font-icon-svg e-fas-check\" viewBox=\"0 0 512 512\" xmlns=\"http:\/\/www.w3.org\/2000\/svg\"><path d=\"M173.898 439.404l-166.4-166.4c-9.997-9.997-9.997-26.206 0-36.204l36.203-36.204c9.997-9.998 26.207-9.998 36.204 0L192 312.69 432.095 72.596c9.997-9.997 26.207-9.997 36.204 0l36.203 36.204c9.997 9.997 9.997 26.206 0 36.204l-294.4 294.401c-9.998 9.997-26.207 9.997-36.204-.001z\"><\/path><\/svg>\t\t\t\t\t\t<\/span>\n\t\t\t\t\t\t\t\t\t\t<span class=\"elementor-icon-list-text\">Niederl\u00e4ndisches Produkt<\/span>\n\t\t\t\t\t\t\t\t\t<\/li>\n\t\t\t\t\t\t\t\t<li class=\"elementor-icon-list-item\">\n\t\t\t\t\t\t\t\t\t\t\t<span class=\"elementor-icon-list-icon\">\n\t\t\t\t\t\t\t<svg aria-hidden=\"true\" class=\"e-font-icon-svg e-fas-check\" viewBox=\"0 0 512 512\" xmlns=\"http:\/\/www.w3.org\/2000\/svg\"><path d=\"M173.898 439.404l-166.4-166.4c-9.997-9.997-9.997-26.206 0-36.204l36.203-36.204c9.997-9.998 26.207-9.998 36.204 0L192 312.69 432.095 72.596c9.997-9.997 26.207-9.997 36.204 0l36.203 36.204c9.997 9.997 9.997 26.206 0 36.204l-294.4 294.401c-9.998 9.997-26.207 9.997-36.204-.001z\"><\/path><\/svg>\t\t\t\t\t\t<\/span>\n\t\t\t\t\t\t\t\t\t\t<span class=\"elementor-icon-list-text\">Niedrige Hypotheken<\/span>\n\t\t\t\t\t\t\t\t\t<\/li>\n\t\t\t\t\t\t\t\t<li class=\"elementor-icon-list-item\">\n\t\t\t\t\t\t\t\t\t\t\t<span class=\"elementor-icon-list-icon\">\n\t\t\t\t\t\t\t<svg aria-hidden=\"true\" class=\"e-font-icon-svg e-fas-check\" viewBox=\"0 0 512 512\" xmlns=\"http:\/\/www.w3.org\/2000\/svg\"><path d=\"M173.898 439.404l-166.4-166.4c-9.997-9.997-9.997-26.206 0-36.204l36.203-36.204c9.997-9.998 26.207-9.998 36.204 0L192 312.69 432.095 72.596c9.997-9.997 26.207-9.997 36.204 0l36.203 36.204c9.997 9.997 9.997 26.206 0 36.204l-294.4 294.401c-9.998 9.997-26.207 9.997-36.204-.001z\"><\/path><\/svg>\t\t\t\t\t\t<\/span>\n\t\t\t\t\t\t\t\t\t\t<span class=\"elementor-icon-list-text\">Smart-Berichte<\/span>\n\t\t\t\t\t\t\t\t\t<\/li>\n\t\t\t\t\t\t\t\t<li class=\"elementor-icon-list-item\">\n\t\t\t\t\t\t\t\t\t\t\t<span class=\"elementor-icon-list-icon\">\n\t\t\t\t\t\t\t<svg aria-hidden=\"true\" class=\"e-font-icon-svg e-fas-check\" viewBox=\"0 0 512 512\" xmlns=\"http:\/\/www.w3.org\/2000\/svg\"><path d=\"M173.898 439.404l-166.4-166.4c-9.997-9.997-9.997-26.206 0-36.204l36.203-36.204c9.997-9.998 26.207-9.998 36.204 0L192 312.69 432.095 72.596c9.997-9.997 26.207-9.997 36.204 0l36.203 36.204c9.997 9.997 9.997 26.206 0 36.204l-294.4 294.401c-9.998 9.997-26.207 9.997-36.204-.001z\"><\/path><\/svg>\t\t\t\t\t\t<\/span>\n\t\t\t\t\t\t\t\t\t\t<span class=\"elementor-icon-list-text\">Einfache Bedienung<\/span>\n\t\t\t\t\t\t\t\t\t<\/li>\n\t\t\t\t\t\t\t\t<li class=\"elementor-icon-list-item\">\n\t\t\t\t\t\t\t\t\t\t\t<span class=\"elementor-icon-list-icon\">\n\t\t\t\t\t\t\t<svg aria-hidden=\"true\" class=\"e-font-icon-svg e-fas-check\" viewBox=\"0 0 512 512\" xmlns=\"http:\/\/www.w3.org\/2000\/svg\"><path d=\"M173.898 439.404l-166.4-166.4c-9.997-9.997-9.997-26.206 0-36.204l36.203-36.204c9.997-9.998 26.207-9.998 36.204 0L192 312.69 432.095 72.596c9.997-9.997 26.207-9.997 36.204 0l36.203 36.204c9.997 9.997 9.997 26.206 0 36.204l-294.4 294.401c-9.998 9.997-26.207 9.997-36.204-.001z\"><\/path><\/svg>\t\t\t\t\t\t<\/span>\n\t\t\t\t\t\t\t\t\t\t<span class=\"elementor-icon-list-text\">Passt sich an Ihr Unternehmen<\/span>\n\t\t\t\t\t\t\t\t\t<\/li>\n\t\t\t\t\t\t\t\t<li class=\"elementor-icon-list-item\">\n\t\t\t\t\t\t\t\t\t\t\t<span class=\"elementor-icon-list-icon\">\n\t\t\t\t\t\t\t<svg aria-hidden=\"true\" class=\"e-font-icon-svg e-fas-check\" viewBox=\"0 0 512 512\" xmlns=\"http:\/\/www.w3.org\/2000\/svg\"><path d=\"M173.898 439.404l-166.4-166.4c-9.997-9.997-9.997-26.206 0-36.204l36.203-36.204c9.997-9.998 26.207-9.998 36.204 0L192 312.69 432.095 72.596c9.997-9.997 26.207-9.997 36.204 0l36.203 36.204c9.997 9.997 9.997 26.206 0 36.204l-294.4 294.401c-9.998 9.997-26.207 9.997-36.204-.001z\"><\/path><\/svg>\t\t\t\t\t\t<\/span>\n\t\t\t\t\t\t\t\t\t\t<span class=\"elementor-icon-list-text\">Kundenspezifische und Standard<\/span>\n\t\t\t\t\t\t\t\t\t<\/li>\n\t\t\t\t\t\t<\/ul>\n\t\t\t\t\t\t<\/div>\n\t\t\t\t<\/div>\n\t\t\t\t<div class=\"elementor-element elementor-element-1091c1b elementor-widget elementor-widget-image\" data-id=\"1091c1b\" data-element_type=\"widget\" data-e-type=\"widget\" data-widget_type=\"image.default\">\n\t\t\t\t<div class=\"elementor-widget-container\">\n\t\t\t\t\t\t\t\t\t\t\t\t\t\t\t\t<a href=\"https:\/\/technitrace.nl\/webapplicatie\/\">\n\t\t\t\t\t\t\t<img fetchpriority=\"high\" decoding=\"async\" width=\"239\" height=\"288\" src=\"https:\/\/technitrace.nl\/wp-content\/uploads\/2024\/03\/banner-smartphone-nl.png\" class=\"attachment-large size-large wp-image-959\" alt=\"\" \/>\t\t\t\t\t\t\t\t<\/a>\n\t\t\t\t\t\t\t\t\t\t\t\t\t\t\t<\/div>\n\t\t\t\t<\/div>\n\t\t\t\t<\/div>\n\t\t<div class=\"elementor-element elementor-element-3e40f99 e-con-full e-flex e-con e-child\" data-id=\"3e40f99\" data-element_type=\"container\" data-e-type=\"container\">\n\t\t\t\t<div class=\"elementor-element elementor-element-544514f elementor-widget elementor-widget-text-editor\" data-id=\"544514f\" data-element_type=\"widget\" data-e-type=\"widget\" data-widget_type=\"text-editor.default\">\n\t\t\t\t<div class=\"elementor-widget-container\">\n\t\t\t\t\t\t\t\t\t<p>FAHRTEN\u00dcBERWACHUNG ALS BEWEISMATERIAL<\/p>\n\t\t\t\t\t\t\t\t<\/div>\n\t\t\t\t<\/div>\n\t\t\t\t<div class=\"elementor-element elementor-element-926fb7f elementor-widget-divider--view-line elementor-widget elementor-widget-divider\" data-id=\"926fb7f\" data-element_type=\"widget\" data-e-type=\"widget\" data-widget_type=\"divider.default\">\n\t\t\t\t<div class=\"elementor-widget-container\">\n\t\t\t\t\t\t\t<div class=\"elementor-divider\">\n\t\t\t<span class=\"elementor-divider-separator\">\n\t\t\t\t\t\t<\/span>\n\t\t<\/div>\n\t\t\t\t\t\t<\/div>\n\t\t\t\t<\/div>\n\t\t\t\t<div class=\"elementor-element elementor-element-38226ff elementor-widget elementor-widget-text-editor\" data-id=\"38226ff\" data-element_type=\"widget\" data-e-type=\"widget\" data-widget_type=\"text-editor.default\">\n\t\t\t\t<div class=\"elementor-widget-container\">\n\t\t\t\t\t\t\t\t\t<p>\u201cWas tun Sie, wenn der Gesetzgeber Sie verpflichtet, 16 Fahrtenschreiber \u00e0 \u20ac 3.500 anzuschaffen? Genau: Dann gehen auf die Suche nach Alternativen. Ein Unternehmen, das in den Niederlanden Kompressoren liefert und installiert, hat diese Herausforderung zusammen mit uns angenommen.<\/p>\n\t\t\t\t\t\t\t\t<\/div>\n\t\t\t\t<\/div>\n\t\t\t\t<div class=\"elementor-element elementor-element-6310499 elementor-widget elementor-widget-heading\" data-id=\"6310499\" data-element_type=\"widget\" data-e-type=\"widget\" data-widget_type=\"heading.default\">\n\t\t\t\t<div class=\"elementor-widget-container\">\n\t\t\t\t\t<h2 class=\"elementor-heading-title elementor-size-default\">GESETZGEBUNG FAHRTENSCHREIBER<\/h2>\t\t\t\t<\/div>\n\t\t\t\t<\/div>\n\t\t\t\t<div class=\"elementor-element elementor-element-6799527 elementor-widget elementor-widget-text-editor\" data-id=\"6799527\" data-element_type=\"widget\" data-e-type=\"widget\" data-widget_type=\"text-editor.default\">\n\t\t\t\t<div class=\"elementor-widget-container\">\n\t\t\t\t\t\t\t\t\t<p>Erst untersuchten wir die gesetzlichen Bestimmungen. Der Betrieb musste beweisen k\u00f6nnen, dass die Fahrer weniger als 12 Stunden pro Woche fahren. Hierf\u00fcr entwarfen wir ein \u00dcberwachungssystem, das anzeigte wo, wann und wie lange jemand gefahren hatte. Wenn ein Fahrer beinah 12 Stunden gefahren hat, erfolgt eine Meldung.<\/p>\n\t\t\t\t\t\t\t\t<\/div>\n\t\t\t\t<\/div>\n\t\t\t\t<div class=\"elementor-element elementor-element-b8efc37 elementor-widget elementor-widget-heading\" data-id=\"b8efc37\" data-element_type=\"widget\" data-e-type=\"widget\" data-widget_type=\"heading.default\">\n\t\t\t\t<div class=\"elementor-widget-container\">\n\t\t\t\t\t<h2 class=\"elementor-heading-title elementor-size-default\">KOSTENG\u00dcNSTIGE L\u00d6SUNG<\/h2>\t\t\t\t<\/div>\n\t\t\t\t<\/div>\n\t\t\t\t<div class=\"elementor-element elementor-element-9559a09 elementor-widget elementor-widget-text-editor\" data-id=\"9559a09\" data-element_type=\"widget\" data-e-type=\"widget\" data-widget_type=\"text-editor.default\">\n\t\t\t\t<div class=\"elementor-widget-container\">\n\t\t\t\t\t\t\t\t\t<p>Mit der Information aus unserer Software leistet der Betrieb die vorgeschriebene Einsatzdokumentation. Bei einer Kontrolle kann die <span style=\"color: #002d62;\"><a style=\"color: #002d62;\" href=\"https:\/\/technitrace.nl\/webapplicatie\/\"><span style=\"text-decoration: underline;\">webapplikation<\/span><\/a><\/span> schnell und einfach einen Bericht liefern. Alles in allem eine passende und dazu auch noch kosteng\u00fcnstige L\u00f6sung: Anstelle von 16 Fahrtenschreibern \u00e0 \u20ac 3.500 hat der Betrieb jetzt 16 Bordempf\u00e4nger zu niedrigen Monatstarifen.\u201d<\/p>\n\t\t\t\t\t\t\t\t<\/div>\n\t\t\t\t<\/div>\n\t\t<div class=\"elementor-element elementor-element-9514c17 e-flex e-con-boxed e-con e-child\" data-id=\"9514c17\" data-element_type=\"container\" data-e-type=\"container\" data-settings=\"{&quot;background_background&quot;:&quot;classic&quot;}\">\n\t\t\t\t\t<div class=\"e-con-inner\">\n\t\t\t\t<div class=\"elementor-element elementor-element-08712a1 elementor-widget elementor-widget-text-editor\" data-id=\"08712a1\" data-element_type=\"widget\" data-e-type=\"widget\" data-widget_type=\"text-editor.default\">\n\t\t\t\t<div class=\"elementor-widget-container\">\n\t\t\t\t\t\t\t\t\t<p><span style=\"text-decoration: underline; color: #002d62;\">\u00ab <a style=\"color: #002d62;\" href=\"https:\/\/technitrace.nl\/lading-volgen-met-hulp-van-de-zon\/\" rel=\"next\"> Ladungsverfolgung mit Hilfe der Sonne<\/a><\/span><\/p>\n\t\t\t\t\t\t\t\t<\/div>\n\t\t\t\t<\/div>\n\t\t\t\t\t<\/div>\n\t\t\t\t<\/div>\n\t\t\t\t<\/div>\n\t\t\t\t\t<\/div>\n\t\t\t\t<\/div>\n\t\t\t\t<\/div>\n\t\t","protected":false},"excerpt":{"rendered":"<p>Rufen Sie an 0880-513223 oder mailen Sie uns info@technitrace.nl Warum TechniTrace? Niederl\u00e4ndisches Produkt Niedrige Hypotheken Smart-Berichte Einfache Bedienung Passt sich an Ihr Unternehmen Kundenspezifische und Standard FAHRTEN\u00dcBERWACHUNG ALS BEWEISMATERIAL \u201cWas tun Sie, wenn der Gesetzgeber Sie verpflichtet, 16 Fahrtenschreiber \u00e0 \u20ac 3.500 anzuschaffen? Genau: Dann gehen auf die Suche nach Alternativen. Ein Unternehmen, das in [&hellip;]<\/p>\n","protected":false},"author":1,"featured_media":0,"parent":0,"menu_order":0,"comment_status":"closed","ping_status":"closed","template":"elementor_header_footer","meta":{"footnotes":""},"class_list":["post-1164","page","type-page","status-publish","hentry"],"_links":{"self":[{"href":"https:\/\/technitrace.nl\/de\/wp-json\/wp\/v2\/pages\/1164","targetHints":{"allow":["GET"]}}],"collection":[{"href":"https:\/\/technitrace.nl\/de\/wp-json\/wp\/v2\/pages"}],"about":[{"href":"https:\/\/technitrace.nl\/de\/wp-json\/wp\/v2\/types\/page"}],"author":[{"embeddable":true,"href":"https:\/\/technitrace.nl\/de\/wp-json\/wp\/v2\/users\/1"}],"replies":[{"embeddable":true,"href":"https:\/\/technitrace.nl\/de\/wp-json\/wp\/v2\/comments?post=1164"}],"version-history":[{"count":3,"href":"https:\/\/technitrace.nl\/de\/wp-json\/wp\/v2\/pages\/1164\/revisions"}],"predecessor-version":[{"id":1167,"href":"https:\/\/technitrace.nl\/de\/wp-json\/wp\/v2\/pages\/1164\/revisions\/1167"}],"wp:attachment":[{"href":"https:\/\/technitrace.nl\/de\/wp-json\/wp\/v2\/media?parent=1164"}],"curies":[{"name":"wp","href":"https:\/\/api.w.org\/{rel}","templated":true}]}}